{"id":330,"date":"2024-03-26T16:18:00","date_gmt":"2024-03-26T16:18:00","guid":{"rendered":"https:\/\/cfaomobilityangola.com\/testdrive\/?page_id=330"},"modified":"2024-03-26T16:28:45","modified_gmt":"2024-03-26T16:28:45","slug":"termos-legais","status":"publish","type":"page","link":"https:\/\/cfaomobilityangola.com\/testdrive\/termos-legais\/","title":{"rendered":"Termos Legais"},"content":{"rendered":"\t\t<div data-elementor-type=\"wp-page\" data-elementor-id=\"330\" class=\"elementor elementor-330\" data-elementor-post-type=\"page\">\n\t\t\t\t\t\t<section class=\"elementor-section elementor-top-section elementor-element elementor-element-2a9534ff elementor-section-boxed elementor-section-height-default elementor-section-height-default\" data-id=\"2a9534ff\" data-element_type=\"section\" data-e-type=\"section\">\n\t\t\t\t\t\t<div class=\"elementor-container elementor-column-gap-default\">\n\t\t\t\t\t<div class=\"elementor-column elementor-col-100 elementor-top-column elementor-element elementor-element-56b2faee\" data-id=\"56b2faee\" data-element_type=\"column\" data-e-type=\"column\">\n\t\t\t<div class=\"elementor-widget-wrap elementor-element-populated\">\n\t\t\t\t\t\t<div class=\"elementor-element elementor-element-570dede6 elementor-widget elementor-widget-text-editor\" data-id=\"570dede6\" data-element_type=\"widget\" data-e-type=\"widget\" data-widget_type=\"text-editor.default\">\n\t\t\t\t<div class=\"elementor-widget-container\">\n\t\t\t\t\t\t\t\t\t\n<h2 class=\"wp-block-heading\"><span style=\"color: #ffffff;\">Termos Legais<\/span><\/h2>\n<p>\u00a0<\/p>\n<h4 class=\"wp-block-heading has-text-align-center\" style=\"text-align: justify;\"><span style=\"color: #ffffff;\">Aviso Legal<\/span><br \/><span style=\"color: #ffffff;\">Sobre o acesso ao site<\/span><\/h4>\n\n<p style=\"text-align: justify;\"><span style=\"color: #ffffff;\">Ao aceder e utilizar o site www.cfaomotorsangola.com, voc\u00ea estar\u00e1 a aceitar esta pol\u00edtica sem limita\u00e7\u00f5es nem reservas. O seu acesso ao site\u00a0<a style=\"color: #ffffff;\" href=\"https:\/\/toyotadeangola.com\/www.toyotadeangola.com\">www.cfaomotorsangola.com<\/a>\u00a0est\u00e1, por conseguinte, subordinado a esta pol\u00edtica, bem como a toda a legisla\u00e7\u00e3o aplic\u00e1vel em vigor.<\/span><br \/><span style=\"color: #ffffff;\">\u00a0<\/span><\/p>\n<p style=\"text-align: justify;\"><span style=\"color: #ffffff;\"><\/span><\/p>\n<h5 class=\"wp-block-heading\" style=\"text-align: justify;\"><span style=\"color: #ffffff;\">Conte\u00fados<\/span><\/h5>\n<p style=\"text-align: justify;\"><span style=\"color: #ffffff;\"><\/span><\/p>\n<p style=\"text-align: justify;\"><span style=\"color: #ffffff;\">O site www.cfaomotorsangola.com cont\u00e9m informa\u00e7\u00f5es referentes aos produtos TOYOTA e programas promocionais da Marca. Os produtos TOYOTA descritos neste site s\u00e3o comercializados em Angola pelo respectivo reparador e revendedor autorizado Cfao, sendo que os programas promocionais apresentados neste site encontram-se apenas dispon\u00edveis em Angola, no \u00e2mbito dos respectivos programas promocionais.<\/span><br \/><br \/><span style=\"color: #ffffff;\"><strong>Todas as informa\u00e7\u00f5es constantes deste site apenas revestem car\u00e1cter informativo<\/strong>. Este site n\u00e3o dever\u00e1 ser utilizado nem tido como substituto de informa\u00e7\u00f5es que lhe sejam concedidas por um reparador e revendedor autorizado Cfao. O conte\u00fado disponibilizado atrav\u00e9s deste site n\u00e3o \u00e9 obrigat\u00f3rio em face da lei e\u00a0<strong>n\u00e3o constitui qualquer oferta de venda<\/strong>.<\/span><br \/><br \/><span style=\"color: #ffffff;\">Muito embora a\u00a0<strong>CFAO Motors Angola, S.A.<\/strong>\u00a0fa\u00e7a todos os esfor\u00e7os com o intu\u00edto de garantir que todas as informa\u00e7\u00f5es contidas neste site estejam correctas, a sua exactid\u00e3o n\u00e3o poder\u00e1 ser assegurada a todo o tempo, nomeadamente, mas n\u00e3o s\u00f3, face ao constante desenvolvimento de novos produtos e novas vers\u00f5es e a\u00a0<strong>CFAO Motors Angola, S.A.,<\/strong>\u00a0n\u00e3o assume qualquer responsabilidade pela exactid\u00e3o, perfei\u00e7\u00e3o ou autenticidade de quaisquer informa\u00e7\u00f5es contidas neste site.<\/span><br \/><br \/><span style=\"color: #ffffff;\">Todavia, a\u00a0<strong>CFAO Motos Angola, S.A.<\/strong>\u00a0reserva-se o direito de introduzir altera\u00e7\u00f5es a qualquer momento, sem aviso pr\u00e9vio, relativamente a modelos, equipamento, especifica\u00e7\u00f5es e disponibilidade.<\/span><\/p>\n<p style=\"text-align: justify;\"><span style=\"color: #ffffff;\"><\/span><\/p>\n<h5 class=\"wp-block-heading\" style=\"text-align: justify;\"><span style=\"color: #ffffff;\">Pre\u00e7os dos produtos CFAO<\/span><\/h5>\n<p style=\"text-align: justify;\"><span style=\"color: #ffffff;\"><\/span><\/p>\n<p style=\"text-align: justify;\"><span style=\"color: #ffffff;\">As informa\u00e7\u00f5es sobre pre\u00e7os, contidas ou facultadas atrav\u00e9s deste site cfaomotorsangola.com,\u00a0<strong>apenas t\u00eam car\u00e1cter informativo<\/strong>, n\u00e3o restringindo os pre\u00e7os praticados por qualquer revendedor e reparador autorizado Cfao. A compra de qualquer produto Cfao dever\u00e1 estar sujeita \u00e0s cl\u00e1usulas e condi\u00e7\u00f5es do contrato individual de venda.<\/span><\/p>\n<p style=\"text-align: justify;\"><span style=\"color: #ffffff;\"><\/span><\/p>\n<p style=\"text-align: justify;\"><br \/><span style=\"color: #ffffff;\">Os pre\u00e7os indicados s\u00e3o fornecidos apenas a t\u00edtulo indicativo. Os pre\u00e7os apresentados s\u00e3o os pre\u00e7os de venda a p\u00fablico recomendados, n\u00e3o incluem as despesas de legaliza\u00e7\u00e3o e transporte nem o ecovalor e podem ser alterados sem qualquer aviso pr\u00e9vio. O pre\u00e7o de Acess\u00f3rios inclui o valor de instala\u00e7\u00e3o e pintura. Por favor contacte o Concession\u00e1rio Toyota mais pr\u00f3ximo para informa\u00e7\u00f5es mais detalhadas dos pre\u00e7os.<\/span><br \/><br \/><span style=\"color: #ffffff;\">Para mais informa\u00e7\u00f5es deve dirigir-se a um revendedor ou reparador autorizado Cfao.<\/span><\/p>\n<p style=\"text-align: justify;\"><span style=\"color: #ffffff;\"><\/span><\/p>\n<h5 class=\"wp-block-heading\" style=\"text-align: justify;\"><span style=\"color: #ffffff;\">Utiliza\u00e7\u00e3o da tecnologia cookie<\/span><\/h5>\n<p style=\"text-align: justify;\"><span style=\"color: #ffffff;\"><\/span><\/p>\n<p style=\"text-align: justify;\"><span style=\"color: #ffffff;\">A\u00a0<strong>CFAO Motors Angola, S.A.\u00a0<\/strong>utiliza a tecnologia cookie para permitir localizar as vias seguidas pelo utilizador at\u00e9 ao site cfaomotorsangola.com, para ajudar a\u00a0<strong>CFAO Motors Angola, S.A.<\/strong>\u00a0a registar a actividade do utilizador no site e para avaliar e melhorar o site cfaomotorsangola.com, a fim de o tornar mais \u00fatil para si.<\/span><br \/><br \/><span style=\"color: #ffffff;\">Mediante esta tecnologia, a\u00a0<strong>CFAO Motors Angola, S.A.<\/strong>\u00a0n\u00e3o regista informa\u00e7\u00f5es sobre utilizadores individuais, da\u00ed que n\u00e3o sejam mantidas nem utilizadas nenhumas informa\u00e7\u00f5es sobre a sua pessoa. N\u00e3o se esque\u00e7a de que poder\u00e1 predefinir o seu browser para n\u00e3o aceitar cookies ou para o advertir no caso de serem enviados cookies.<\/span><\/p>\n<p style=\"text-align: justify;\"><span style=\"color: #ffffff;\"><\/span><\/p>\n<h5 class=\"wp-block-heading\" style=\"text-align: justify;\"><span style=\"color: #ffffff;\">Inser\u00e7\u00e3o de dados pessoais ou do utilizador<\/span><\/h5>\n<p style=\"text-align: justify;\"><span style=\"color: #ffffff;\"><\/span><\/p>\n<p style=\"text-align: justify;\"><span style=\"color: #ffffff;\">Qualquer dado pessoal que fornecer \u00e0\u00a0<strong>CFAO Motors Angola, S.A.\u00a0<\/strong>atrav\u00e9s do site\u00a0<a style=\"color: #ffffff;\" href=\"http:\/\/www.toyotadeangola.com\/\">cfaomotorsangola.com<\/a>\u00a0apenas \u00e9 utilizado pela Cfao para melhorar os servi\u00e7os que a mesma lhe oferece, incluindo os inseridos na \u00f3ptica do marketing. A\u00a0<strong>CFAO Motors Angola, S.A.<\/strong>\u00a0esfor\u00e7a-se por garantir a seguran\u00e7a dos dados pessoais recolhidos, transmitidos e memorizados, em fun\u00e7\u00e3o da natureza desses dados.<\/span><br \/><br \/><span style=\"color: #ffffff;\">A\u00a0<strong>CFAO Motors Angola, S.A.<\/strong>\u00a0n\u00e3o partilhar\u00e1 com terceiros os seus dados pessoais, \u00e0 excep\u00e7\u00e3o da rede de Concession\u00e1rios autorizados Cfao, nos termos do consentimento que para esse efeito o utilizador fornecer \u00e0\u00a0<strong>TCFAO Motors Angola, S.A.<\/strong>\u00a0O utilizador e titular desses dados pessoais tem relativamente aos mesmos os direitos de: informa\u00e7\u00e3o, acesso, rectifica\u00e7\u00e3o e elimina\u00e7\u00e3o e oposi\u00e7\u00e3o, nos termos da lei.<\/span><br \/><br \/><span style=\"color: #ffffff;\">A\u00a0<strong>CFAO Motors Angola, S.A.<\/strong>\u00a0n\u00e3o tem qualquer obriga\u00e7\u00e3o de controlar e\/ou rever qualquer &#8216;input&#8217; de dados no site\u00a0<a style=\"color: #ffffff;\" href=\"http:\/\/www.toyotadeangola.com\/\">cfaomotorscorporation.com<\/a>\u00a0pelos utilizadores, e n\u00e3o assume qualquer responsabilidade ou compromisso, seja de que car\u00e1cter for, relativamente a quaisquer &#8216;inputs&#8217; por parte dos utilizadores. A\u00a0<strong>CFAO Motors Angola, S.A.\u00a0<\/strong>reserva-se o direito de verificar, de vez em quando, os &#8216;inputs&#8217; dos utilizadores e de os remover do site sem justifica\u00e7\u00e3o.<\/span><\/p>\n<p style=\"text-align: justify;\"><span style=\"color: #ffffff;\"><\/span><\/p>\n<h5 class=\"wp-block-heading\" style=\"text-align: justify;\"><span style=\"color: #ffffff;\">Nota relativa \u00e0 reserva de direitos de copyright, propriedade industrial e propriedade intelectual<\/span><\/h5>\n<p style=\"text-align: justify;\"><span style=\"color: #ffffff;\"><\/span><\/p>\n<p style=\"text-align: justify;\"><span style=\"color: #ffffff;\">A apresenta\u00e7\u00e3o e todo o teor deste site (incluindo o c\u00f3digo do site), est\u00e3o protegidos por direitos de propriedade industrial e intelectual. S\u00f3 poder\u00e1 utilizar a informa\u00e7\u00e3o, texto, figuras ou gr\u00e1ficos contidos neste site para seu uso pessoal, e nunca para fins comerciais, nem dever\u00e1 reproduzir, modificar, transmitir, autorizar ou publicar tais informa\u00e7\u00f5es, textos, figuras ou gr\u00e1ficos, total ou parcialmente, para qualquer fim sem a autoriza\u00e7\u00e3o pr\u00e9via por escrito da\u00a0<strong>CFAO Motors Angola, S.A.,<\/strong>\u00a0excepto para fins de visualiza\u00e7\u00e3o.<\/span><\/p>\n<p style=\"text-align: justify;\"><span style=\"color: #ffffff;\"><\/span><\/p>\n<h5 class=\"wp-block-heading\" style=\"text-align: justify;\"><span style=\"color: #ffffff;\">Utiliza\u00e7\u00e3o de fotografias dos sites oficiais Cfao em sites de clubes de f\u00e3s e p\u00e1ginas pessoais<\/span><\/h5>\n<p style=\"text-align: justify;\"><span style=\"color: #ffffff;\"><\/span><\/p>\n<p style=\"text-align: justify;\"><span style=\"color: #ffffff;\">A\u00a0<strong>CFAO Motors Angola, S.A.<\/strong>\u00a0reconhece a natureza da Web como um meio para partilhar informa\u00e7\u00f5es e, por conseguinte, poder\u00e1 permitir que as pessoas reproduzam fotografias do site\u00a0<a style=\"color: #ffffff;\" href=\"http:\/\/www.toyotadeangola.com\/\">cfaomotorsangola.com<\/a>\u00a0nos seus pr\u00f3prios sites pessoais ou num site oficial de clubes de f\u00e3s, desde que o respons\u00e1vel pelo site\u00a0<a style=\"color: #ffffff;\" href=\"http:\/\/www.toyotadeangola.com\/\">cfaomotorsangola.com<\/a>.\u00a0receba um pedido nesse sentido atrav\u00e9s do e-mail\u00a0<a style=\"color: #ffffff;\" href=\"mailto:lorem\">lorem<\/a>. Para sua informa\u00e7\u00e3o, os crit\u00e9rios para avalia\u00e7\u00e3o de qualquer pedido dever\u00e3o, entre outros, fundamentar-se nos seguintes t\u00f3picos gerais:<\/span><\/p>\n<p style=\"text-align: justify;\"><span style=\"color: #ffffff;\"><\/span><\/p>\n<ul class=\"wp-block-list\" style=\"text-align: justify;\">\n<li><span style=\"color: #ffffff;\">O site n\u00e3o ter fins lucrativos;<\/span><\/li>\n\n<li><span style=\"color: #ffffff;\">O site transmitir uma imagem positiva da marca Cfao e dos produtos Toyota;<\/span><\/li>\n\n<li><span style=\"color: #ffffff;\">O site n\u00e3o conter material indecente nem ilegal;<\/span><\/li>\n\n<li><span style=\"color: #ffffff;\">As fotografias permanecerem inalteradas (sem texto adicional nas fotografias, n\u00e3o utilizadas em fotocolagens, altera\u00e7\u00e3o de cores ou deforma\u00e7\u00e3o, etc);<\/span><\/li>\n\n<li><span style=\"color: #ffffff;\">Apenas poder\u00e3o ser reproduzidas fotografias representando produtos fabricados pela Cfao. Em especial, elementos da disposi\u00e7\u00e3o e aspecto visual do site\u00a0<a style=\"color: #ffffff;\" href=\"http:\/\/www.toyotadeangola.com\/\">cfaomotorsangola.com<\/a>, n\u00e3o poder\u00e3o ser reproduzidos;<\/span><\/li>\n\n<li><span style=\"color: #ffffff;\">O n\u00famero de fotografias reproduzidas deve ser razo\u00e1vel e consistente com o objectivo do site individual ou do site do clube de f\u00e3s;<\/span><\/li>\n\n<li><span style=\"color: #ffffff;\">O propriet\u00e1rio dos direitos de autor deve ser indicado como segue: &#8216;Copyright (c) Toyota Motor Marketing Europe (&#8220;TMME&#8221;)&#8217;;<\/span><\/li>\n\n<li><span style=\"color: #ffffff;\">A proveni\u00eancia das fotografias deve ser indicada com uma hiperliga\u00e7\u00e3o ao site\u00a0<a style=\"color: #ffffff;\" href=\"http:\/\/www.toyotadeangola.com\/\">cfaomotorsangola.com<\/a>;<\/span><\/li>\n\n<li><span style=\"color: #ffffff;\">Ao fazer uso das fotografias, a pessoa ou entidade concorda em ser contactada pela TMME com o objectivo de linkar o site\u00a0<a style=\"color: #ffffff;\" href=\"http:\/\/www.toyotadeangola.com\/\">cfaomotorsangola.com<\/a>\u00a0ao seu site.<\/span><\/li>\n<\/ul>\n<p style=\"text-align: justify;\"><span style=\"color: #ffffff;\"><\/span><\/p>\n<p style=\"text-align: justify;\"><span style=\"color: #ffffff;\">O utilizador aceita que a autoriza\u00e7\u00e3o que lhe foi concedida possa ser-lhe retirada \u00e0 discri\u00e7\u00e3o da\u00a0<strong>TMME<\/strong>\u00a0e da\u00a0<strong>CFAO Motors Angola, S.A.\u00a0<\/strong>e,<strong>\u00a0<\/strong>caso tal aconte\u00e7a, dever\u00e1 &#8211; ap\u00f3s notifica\u00e7\u00e3o para o efeito &#8211; remover imediatamente as fotografias do seu site.<\/span><\/p>\n<p style=\"text-align: justify;\"><span style=\"color: #ffffff;\"><\/span><\/p>\n<h5 class=\"wp-block-heading\" style=\"text-align: justify;\"><span style=\"color: #ffffff;\">Marcas registadas\/Marcas de f\u00e1brica<\/span><\/h5>\n<p style=\"text-align: justify;\"><span style=\"color: #ffffff;\"><\/span><\/p>\n<p style=\"text-align: justify;\"><span style=\"color: #ffffff;\">Todas as marcas de f\u00e1brica, logotipos e s\u00edmbolos de servi\u00e7o exibidos neste site s\u00e3o propriedade da Toyota Motor Corporation, TMME ou de terceiros titulares das respectivas autoriza\u00e7\u00f5es e\/ou licen\u00e7as. Est\u00e1 proibida a sua utiliza\u00e7\u00e3o, execu\u00e7\u00e3o cont\u00ednua de downloads, c\u00f3pia ou distribui\u00e7\u00e3o, seja de que maneira for, sem a autoriza\u00e7\u00e3o por escrito da Toyota Motor Corporation, TMME ou dos referidos terceiros, conforme as circunst\u00e2ncias.<\/span><\/p>\n<p style=\"text-align: justify;\"><span style=\"color: #ffffff;\"><\/span><\/p>\n<h5 class=\"wp-block-heading\" style=\"text-align: justify;\"><span style=\"color: #ffffff;\">Hiperliga\u00e7\u00f5es<\/span><\/h5>\n<p style=\"text-align: justify;\"><span style=\"color: #ffffff;\"><\/span><\/p>\n<p style=\"text-align: justify;\"><span style=\"color: #ffffff;\">O site\u00a0<a style=\"color: #ffffff;\" href=\"http:\/\/www.toyotadeangola.com\/\">cfaomotorsangola.com<\/a>\u00a0pode conter links de hipertexto para outros sites da Internet que sejam totalmente independentes deste site. A TMME n\u00e3o representa nem garante a exactid\u00e3o, perfei\u00e7\u00e3o ou autenticidade das informa\u00e7\u00f5es contidas em qualquer link do hipertexto ou noutro site da Internet, e o acesso a quaisquer outros sites da Internet ligados ao site\u00a0<a style=\"color: #ffffff;\" href=\"http:\/\/www.toyotadeangola.com\/\">cfaomotorsangola.com<\/a>\u00a0ser\u00e1 da sua inteira responsabilidade.<\/span><\/p>\n<p style=\"text-align: justify;\"><span style=\"color: #ffffff;\"><\/span><\/p>\n<h5 class=\"wp-block-heading\" style=\"text-align: justify;\"><span style=\"color: #ffffff;\">Limita\u00e7\u00e3o de responsabilidade<\/span><\/h5>\n<p style=\"text-align: justify;\"><span style=\"color: #ffffff;\"><\/span><\/p>\n<p style=\"text-align: justify;\"><span style=\"color: #ffffff;\">A\u00a0<strong>CFAO Motors Angola, S.A.<\/strong>\u00a0rejeita qualquer responsabilidade por danos directos, indirectos, acidentais, consequenciais ou especiais provenientes ou de qualquer forma associados ao seu acesso ou utiliza\u00e7\u00e3o do site\u00a0<a style=\"color: #ffffff;\" href=\"http:\/\/www.toyotadeangola.com\/\">cfaomotorsangola.com<\/a>, incluindo, entre outros, quaisquer perdas ou danos causados por v\u00edrus que afectem o equipamento do seu computador, ou a sua confian\u00e7a nas informa\u00e7\u00f5es obtidas atrav\u00e9s do site\u00a0<a style=\"color: #ffffff;\" href=\"http:\/\/www.toyotadeangola.com\/\">cfaomotorsangola.com<\/a>.<\/span><\/p>\n<p style=\"text-align: justify;\"><span style=\"color: #ffffff;\"><\/span><\/p>\n<h5 class=\"wp-block-heading\" style=\"text-align: justify;\"><span style=\"color: #ffffff;\">Atualiza\u00e7\u00e3o da pol\u00edtica<\/span><\/h5>\n<p style=\"text-align: justify;\"><span style=\"color: #ffffff;\"><\/span><\/p>\n<p style=\"text-align: justify;\"><span style=\"color: #ffffff;\">A\u00a0<strong>TMME<\/strong>\u00a0e a\u00a0<strong>CFAO Motors Angola, S.A.<\/strong>\u00a0reserva-se o direito de actualizar esta pol\u00edtica em qualquer altura, segundo as exig\u00eancias e necessidades da actividade comercial. Voc\u00ea est\u00e1, por este meio, convidado a visitar esta p\u00e1gina para verificar a pol\u00edtica sempre que se encontre no site.<\/span><\/p>\n<p style=\"text-align: justify;\"><span style=\"color: #ffffff;\"><\/span><\/p>\n<h5 class=\"wp-block-heading\" style=\"text-align: justify;\"><span style=\"color: #ffffff;\">Depoimentos recebidos<\/span><\/h5>\n<p style=\"text-align: justify;\"><span style=\"color: #ffffff;\"><\/span><\/p>\n<p style=\"text-align: justify;\"><span style=\"color: #ffffff;\">Ao efectuar quaisquer depoimentos no site\u00a0<a style=\"color: #ffffff;\" href=\"http:\/\/www.toyotadeangola.com\/\">CFAO Motorsangola.com<\/a>, o utilizador declara conhecer que a\u00a0<strong>CFAO Motors Angola, S.A.<\/strong>\u00a0det\u00e9m o direito, \u00e0 sua exclusiva discri\u00e7\u00e3o, de modificar, disponibilizar gratuitamente ou n\u00e3o colocar neste site os depoimentos recebidos. A TOYOTA n\u00e3o aceita qualquer responsabilidade no que diz respeito ao conte\u00fado das mensagens publicadas neste site.<\/span><\/p>\n<p style=\"text-align: justify;\"><span style=\"color: #ffffff;\"><\/span><\/p>\n<h5 class=\"wp-block-heading\" style=\"text-align: justify;\"><span style=\"color: #ffffff;\">Alerta para Sorteios e Lotarias falsas<\/span><\/h5>\n<p style=\"text-align: justify;\"><span style=\"color: #ffffff;\"><\/span><\/p>\n<p style=\"text-align: justify;\"><span style=\"color: #ffffff;\"><strong>Toyota International Lotto.<\/strong><\/span><br \/><br \/><span style=\"color: #ffffff;\">A Toyota Motor Corporation e as suas Empresas afiliadas n\u00e3o t\u00eam qualquer rela\u00e7\u00e3o com quaisquer lotarias cuja informa\u00e7\u00e3o circula via e-mail.<\/span><br \/><br \/><span style=\"color: #ffffff;\">A informa\u00e7\u00e3o que \u00e9 enviada por essa via para as pessoas, tem como remetentes \u201cToyota\u201d, &#8220;Toyota International Lotto&#8221;, &#8220;Toyota Car Promotion&#8221;, Toyota Car International Promotion Program&#8221; e &#8220;Toyota Fortune Lotto Draw&#8221; e informa que ganharam uma lotaria\/pr\u00e9mio em nome da Toyota, o que \u00e9 completamente falso.<\/span><br \/><br \/><span style=\"color: #ffffff;\">Qualquer tipo de e-mail com este conte\u00fado n\u00e3o foi enviado pela Toyota ou com a permiss\u00e3o desta.<\/span><br \/><br \/><span style=\"color: #ffffff;\">Sendo assim, se receber esta informa\u00e7\u00e3o deve agir com extrema cautela antes de responder a qualquer tipo de e-mail ou fornecer qualquer informa\u00e7\u00e3o pessoal ou dinheiro, como qualquer e-mail usando o &#8220;nome CFAO Motors Angola, S.A.&#8221; e reivindicando um pr\u00e9mio ou lotaria que \u00e9 parte de uma esquema fraudulento.<\/span><\/p>\n<p style=\"text-align: justify;\"><span style=\"color: #ffffff;\"><\/span><\/p>\n<h5 class=\"wp-block-heading\" style=\"text-align: justify;\"><span style=\"color: #ffffff;\">Entidades Resolu\u00e7\u00e3o Alternativa de Lit\u00edgios<\/span><\/h5>\n<p style=\"text-align: justify;\"><span style=\"color: #ffffff;\"><\/span><\/p>\n<p style=\"text-align: justify;\"><span style=\"color: #ffffff;\">Em cumprimento das obriga\u00e7\u00f5es est\u00e1 sempre sujeito \u00e0s leis vigente na Rep\u00fablica de Angola.<\/span><\/p>\n\t\t\t\t\t\t\t\t<\/div>\n\t\t\t\t<\/div>\n\t\t\t\t\t<\/div>\n\t\t<\/div>\n\t\t\t\t\t<\/div>\n\t\t<\/section>\n\t\t\t\t<\/div>\n\t\t","protected":false},"excerpt":{"rendered":"<p>Termos Legais \u00a0 Aviso LegalSobre o acesso ao site Ao aceder e utilizar o site www.cfaomotorsangola.com, voc\u00ea estar\u00e1 a aceitar esta pol\u00edtica sem limita\u00e7\u00f5es nem reservas. O seu acesso ao site\u00a0www.cfaomotorsangola.com\u00a0est\u00e1, por conseguinte, subordinado a esta pol\u00edtica, bem como a toda a legisla\u00e7\u00e3o aplic\u00e1vel em vigor.\u00a0 Conte\u00fados O site www.cfaomotorsangola.com cont\u00e9m informa\u00e7\u00f5es referentes aos produtos [&hellip;]<\/p>\n","protected":false},"author":3,"featured_media":0,"parent":0,"menu_order":0,"comment_status":"closed","ping_status":"closed","template":"","meta":{"footnotes":""},"class_list":["post-330","page","type-page","status-publish","hentry"],"_links":{"self":[{"href":"https:\/\/cfaomobilityangola.com\/testdrive\/wp-json\/wp\/v2\/pages\/330","targetHints":{"allow":["GET"]}}],"collection":[{"href":"https:\/\/cfaomobilityangola.com\/testdrive\/wp-json\/wp\/v2\/pages"}],"about":[{"href":"https:\/\/cfaomobilityangola.com\/testdrive\/wp-json\/wp\/v2\/types\/page"}],"author":[{"embeddable":true,"href":"https:\/\/cfaomobilityangola.com\/testdrive\/wp-json\/wp\/v2\/users\/3"}],"replies":[{"embeddable":true,"href":"https:\/\/cfaomobilityangola.com\/testdrive\/wp-json\/wp\/v2\/comments?post=330"}],"version-history":[{"count":10,"href":"https:\/\/cfaomobilityangola.com\/testdrive\/wp-json\/wp\/v2\/pages\/330\/revisions"}],"predecessor-version":[{"id":340,"href":"https:\/\/cfaomobilityangola.com\/testdrive\/wp-json\/wp\/v2\/pages\/330\/revisions\/340"}],"wp:attachment":[{"href":"https:\/\/cfaomobilityangola.com\/testdrive\/wp-json\/wp\/v2\/media?parent=330"}],"curies":[{"name":"wp","href":"https:\/\/api.w.org\/{rel}","templated":true}]}}